{"id":1394,"date":"2023-10-09T12:41:54","date_gmt":"2023-10-09T10:41:54","guid":{"rendered":"https:\/\/www.eurocts.cz\/?page_id=1394"},"modified":"2023-10-09T13:24:29","modified_gmt":"2023-10-09T11:24:29","slug":"freight-services","status":"publish","type":"page","link":"https:\/\/www.eurocts.cz\/cs\/services\/freight-services\/","title":{"rendered":"Freight services"},"content":{"rendered":"\t\t<div data-elementor-type=\"wp-post\" data-elementor-id=\"1394\" class=\"elementor elementor-1394\">\n\t\t\t\t\t\t\t\t\t<section class=\"elementor-section elementor-top-section elementor-element elementor-element-33a79095 elementor-section-boxed elementor-section-height-default elementor-section-height-default\" data-id=\"33a79095\" data-element_type=\"section\" data-settings=\"{&quot;background_background&quot;:&quot;classic&quot;}\">\n\t\t\t\t\t\t\t<div class=\"elementor-background-overlay\"><\/div>\n\t\t\t\t\t\t\t<div class=\"elementor-container elementor-column-gap-default\">\n\t\t\t\t\t<div class=\"elementor-column elementor-col-100 elementor-top-column elementor-element elementor-element-3706530d\" data-id=\"3706530d\" data-element_type=\"column\">\n\t\t\t<div class=\"elementor-widget-wrap elementor-element-populated\">\n\t\t\t\t\t\t\t\t<div class=\"elementor-element elementor-element-537de1f elementor-widget elementor-widget-heading\" data-id=\"537de1f\" data-element_type=\"widget\" data-widget_type=\"heading.default\">\n\t\t\t\t<div class=\"elementor-widget-container\">\n\t\t\t<style>\/*! elementor - v3.18.0 - 06-12-2023 *\/\n.elementor-heading-title{padding:0;margin:0;line-height:1}.elementor-widget-heading .elementor-heading-title[class*=elementor-size-]>a{color:inherit;font-size:inherit;line-height:inherit}.elementor-widget-heading .elementor-heading-title.elementor-size-small{font-size:15px}.elementor-widget-heading .elementor-heading-title.elementor-size-medium{font-size:19px}.elementor-widget-heading .elementor-heading-title.elementor-size-large{font-size:29px}.elementor-widget-heading .elementor-heading-title.elementor-size-xl{font-size:39px}.elementor-widget-heading .elementor-heading-title.elementor-size-xxl{font-size:59px}<\/style><h1 class=\"elementor-heading-title elementor-size-default\">SPEDI\u010cN\u00cd SLU\u017dBY<\/h1>\t\t<\/div>\n\t\t\t\t<\/div>\n\t\t\t\t\t<\/div>\n\t\t<\/div>\n\t\t\t\t\t\t\t<\/div>\n\t\t<\/section>\n\t\t\t\t<section class=\"elementor-section elementor-top-section elementor-element elementor-element-49c5385 elementor-section-boxed elementor-section-height-default elementor-section-height-default\" data-id=\"49c5385\" data-element_type=\"section\">\n\t\t\t\t\t\t<div class=\"elementor-container elementor-column-gap-default\">\n\t\t\t\t\t<div class=\"elementor-column elementor-col-50 elementor-top-column elementor-element elementor-element-6572a12\" data-id=\"6572a12\" data-element_type=\"column\">\n\t\t\t<div class=\"elementor-widget-wrap elementor-element-populated\">\n\t\t\t\t\t\t\t\t<div class=\"elementor-element elementor-element-020bff4 elementor-widget elementor-widget-spacer\" data-id=\"020bff4\" data-element_type=\"widget\" data-widget_type=\"spacer.default\">\n\t\t\t\t<div class=\"elementor-widget-container\">\n\t\t\t<style>\/*! elementor - v3.18.0 - 06-12-2023 *\/\n.elementor-column .elementor-spacer-inner{height:var(--spacer-size)}.e-con{--container-widget-width:100%}.e-con-inner>.elementor-widget-spacer,.e-con>.elementor-widget-spacer{width:var(--container-widget-width,var(--spacer-size));--align-self:var(--container-widget-align-self,initial);--flex-shrink:0}.e-con-inner>.elementor-widget-spacer>.elementor-widget-container,.e-con>.elementor-widget-spacer>.elementor-widget-container{height:100%;width:100%}.e-con-inner>.elementor-widget-spacer>.elementor-widget-container>.elementor-spacer,.e-con>.elementor-widget-spacer>.elementor-widget-container>.elementor-spacer{height:100%}.e-con-inner>.elementor-widget-spacer>.elementor-widget-container>.elementor-spacer>.elementor-spacer-inner,.e-con>.elementor-widget-spacer>.elementor-widget-container>.elementor-spacer>.elementor-spacer-inner{height:var(--container-widget-height,var(--spacer-size))}.e-con-inner>.elementor-widget-spacer.elementor-widget-empty,.e-con>.elementor-widget-spacer.elementor-widget-empty{position:relative;min-height:22px;min-width:22px}.e-con-inner>.elementor-widget-spacer.elementor-widget-empty .elementor-widget-empty-icon,.e-con>.elementor-widget-spacer.elementor-widget-empty .elementor-widget-empty-icon{position:absolute;top:0;bottom:0;left:0;right:0;margin:auto;padding:0;width:22px;height:22px}<\/style>\t\t<div class=\"elementor-spacer\">\n\t\t\t<div class=\"elementor-spacer-inner\"><\/div>\n\t\t<\/div>\n\t\t\t\t<\/div>\n\t\t\t\t<\/div>\n\t\t\t\t<div class=\"elementor-element elementor-element-f449d16 elementor-widget elementor-widget-heading\" data-id=\"f449d16\" data-element_type=\"widget\" data-widget_type=\"heading.default\">\n\t\t\t\t<div class=\"elementor-widget-container\">\n\t\t\t<h3 class=\"elementor-heading-title elementor-size-default\">Dal\u0161\u00ed slu\u017eby<\/h3>\t\t<\/div>\n\t\t\t\t<\/div>\n\t\t\t\t<div class=\"elementor-element elementor-element-3a5d48b elementor-widget-divider--view-line elementor-widget elementor-widget-divider\" data-id=\"3a5d48b\" data-element_type=\"widget\" data-widget_type=\"divider.default\">\n\t\t\t\t<div class=\"elementor-widget-container\">\n\t\t\t<style>\/*! elementor - v3.18.0 - 06-12-2023 *\/\n.elementor-widget-divider{--divider-border-style:none;--divider-border-width:1px;--divider-color:#0c0d0e;--divider-icon-size:20px;--divider-element-spacing:10px;--divider-pattern-height:24px;--divider-pattern-size:20px;--divider-pattern-url:none;--divider-pattern-repeat:repeat-x}.elementor-widget-divider .elementor-divider{display:flex}.elementor-widget-divider .elementor-divider__text{font-size:15px;line-height:1;max-width:95%}.elementor-widget-divider .elementor-divider__element{margin:0 var(--divider-element-spacing);flex-shrink:0}.elementor-widget-divider .elementor-icon{font-size:var(--divider-icon-size)}.elementor-widget-divider .elementor-divider-separator{display:flex;margin:0;direction:ltr}.elementor-widget-divider--view-line_icon .elementor-divider-separator,.elementor-widget-divider--view-line_text .elementor-divider-separator{align-items:center}.elementor-widget-divider--view-line_icon .elementor-divider-separator:after,.elementor-widget-divider--view-line_icon .elementor-divider-separator:before,.elementor-widget-divider--view-line_text .elementor-divider-separator:after,.elementor-widget-divider--view-line_text .elementor-divider-separator:before{display:block;content:\"\";border-bottom:0;flex-grow:1;border-top:var(--divider-border-width) var(--divider-border-style) var(--divider-color)}.elementor-widget-divider--element-align-left .elementor-divider .elementor-divider-separator>.elementor-divider__svg:first-of-type{flex-grow:0;flex-shrink:100}.elementor-widget-divider--element-align-left .elementor-divider-separator:before{content:none}.elementor-widget-divider--element-align-left .elementor-divider__element{margin-left:0}.elementor-widget-divider--element-align-right .elementor-divider .elementor-divider-separator>.elementor-divider__svg:last-of-type{flex-grow:0;flex-shrink:100}.elementor-widget-divider--element-align-right .elementor-divider-separator:after{content:none}.elementor-widget-divider--element-align-right .elementor-divider__element{margin-right:0}.elementor-widget-divider:not(.elementor-widget-divider--view-line_text):not(.elementor-widget-divider--view-line_icon) .elementor-divider-separator{border-top:var(--divider-border-width) var(--divider-border-style) var(--divider-color)}.elementor-widget-divider--separator-type-pattern{--divider-border-style:none}.elementor-widget-divider--separator-type-pattern.elementor-widget-divider--view-line .elementor-divider-separator,.elementor-widget-divider--separator-type-pattern:not(.elementor-widget-divider--view-line) .elementor-divider-separator:after,.elementor-widget-divider--separator-type-pattern:not(.elementor-widget-divider--view-line) .elementor-divider-separator:before,.elementor-widget-divider--separator-type-pattern:not([class*=elementor-widget-divider--view]) .elementor-divider-separator{width:100%;min-height:var(--divider-pattern-height);-webkit-mask-size:var(--divider-pattern-size) 100%;mask-size:var(--divider-pattern-size) 100%;-webkit-mask-repeat:var(--divider-pattern-repeat);mask-repeat:var(--divider-pattern-repeat);background-color:var(--divider-color);-webkit-mask-image:var(--divider-pattern-url);mask-image:var(--divider-pattern-url)}.elementor-widget-divider--no-spacing{--divider-pattern-size:auto}.elementor-widget-divider--bg-round{--divider-pattern-repeat:round}.rtl .elementor-widget-divider .elementor-divider__text{direction:rtl}.e-con-inner>.elementor-widget-divider,.e-con>.elementor-widget-divider{width:var(--container-widget-width,100%);--flex-grow:var(--container-widget-flex-grow)}<\/style>\t\t<div class=\"elementor-divider\">\n\t\t\t<span class=\"elementor-divider-separator\">\n\t\t\t\t\t\t<\/span>\n\t\t<\/div>\n\t\t\t\t<\/div>\n\t\t\t\t<\/div>\n\t\t\t\t<div class=\"elementor-element elementor-element-6dab938 elementor-align-center elementor-widget elementor-widget-button\" data-id=\"6dab938\" data-element_type=\"widget\" data-widget_type=\"button.default\">\n\t\t\t\t<div class=\"elementor-widget-container\">\n\t\t\t\t\t<div class=\"elementor-button-wrapper\">\n\t\t\t<a class=\"elementor-button elementor-size-sm\" role=\"button\">\n\t\t\t\t\t\t<span class=\"elementor-button-content-wrapper\">\n\t\t\t\t\t\t<span class=\"elementor-button-text\">SPEDI\u010cN\u00cd SLU\u017dBY<\/span>\n\t\t<\/span>\n\t\t\t\t\t<\/a>\n\t\t<\/div>\n\t\t\t\t<\/div>\n\t\t\t\t<\/div>\n\t\t\t\t<div class=\"elementor-element elementor-element-0f89fae elementor-align-center elementor-widget elementor-widget-button\" data-id=\"0f89fae\" data-element_type=\"widget\" data-widget_type=\"button.default\">\n\t\t\t\t<div class=\"elementor-widget-container\">\n\t\t\t\t\t<div class=\"elementor-button-wrapper\">\n\t\t\t<a class=\"elementor-button elementor-button-link elementor-size-sm\" href=\"https:\/\/www.eurocts.cz\/services\/ground-transportation\/\">\n\t\t\t\t\t\t<span class=\"elementor-button-content-wrapper\">\n\t\t\t\t\t\t<span class=\"elementor-button-text\">POZEMN\u00cd P\u0158EPRAVA<\/span>\n\t\t<\/span>\n\t\t\t\t\t<\/a>\n\t\t<\/div>\n\t\t\t\t<\/div>\n\t\t\t\t<\/div>\n\t\t\t\t<div class=\"elementor-element elementor-element-5e8a0b9 elementor-align-center elementor-widget elementor-widget-button\" data-id=\"5e8a0b9\" data-element_type=\"widget\" data-widget_type=\"button.default\">\n\t\t\t\t<div class=\"elementor-widget-container\">\n\t\t\t\t\t<div class=\"elementor-button-wrapper\">\n\t\t\t<a class=\"elementor-button elementor-button-link elementor-size-sm\" href=\"https:\/\/www.eurocts.cz\/cs\/services\/customs-clearance\/\">\n\t\t\t\t\t\t<span class=\"elementor-button-content-wrapper\">\n\t\t\t\t\t\t<span class=\"elementor-button-text\">celn\u00ed odbaven\u00ed<\/span>\n\t\t<\/span>\n\t\t\t\t\t<\/a>\n\t\t<\/div>\n\t\t\t\t<\/div>\n\t\t\t\t<\/div>\n\t\t\t\t<div class=\"elementor-element elementor-element-dd7f3e5 elementor-align-center elementor-widget elementor-widget-button\" data-id=\"dd7f3e5\" data-element_type=\"widget\" data-widget_type=\"button.default\">\n\t\t\t\t<div class=\"elementor-widget-container\">\n\t\t\t\t\t<div class=\"elementor-button-wrapper\">\n\t\t\t<a class=\"elementor-button elementor-button-link elementor-size-sm\" href=\"https:\/\/www.eurocts.cz\/cs\/services\/tailored-logistics\/\">\n\t\t\t\t\t\t<span class=\"elementor-button-content-wrapper\">\n\t\t\t\t\t\t<span class=\"elementor-button-text\">LOGISTIKA NA M\u00cdRU<\/span>\n\t\t<\/span>\n\t\t\t\t\t<\/a>\n\t\t<\/div>\n\t\t\t\t<\/div>\n\t\t\t\t<\/div>\n\t\t\t\t\t<\/div>\n\t\t<\/div>\n\t\t\t\t<div class=\"elementor-column elementor-col-50 elementor-top-column elementor-element elementor-element-2ac5b0e\" data-id=\"2ac5b0e\" data-element_type=\"column\">\n\t\t\t<div class=\"elementor-widget-wrap elementor-element-populated\">\n\t\t\t\t\t\t\t\t<div class=\"elementor-element elementor-element-e1a4261 elementor-widget elementor-widget-heading\" data-id=\"e1a4261\" data-element_type=\"widget\" data-widget_type=\"heading.default\">\n\t\t\t\t<div class=\"elementor-widget-container\">\n\t\t\t<h2 class=\"elementor-heading-title elementor-size-default\">SPEDI\u010cN\u00cd SLU\u017dBY<\/h2>\t\t<\/div>\n\t\t\t\t<\/div>\n\t\t\t\t<div class=\"elementor-element elementor-element-feda098 elementor-widget-divider--view-line elementor-widget elementor-widget-divider\" data-id=\"feda098\" data-element_type=\"widget\" data-widget_type=\"divider.default\">\n\t\t\t\t<div class=\"elementor-widget-container\">\n\t\t\t\t\t<div class=\"elementor-divider\">\n\t\t\t<span class=\"elementor-divider-separator\">\n\t\t\t\t\t\t<\/span>\n\t\t<\/div>\n\t\t\t\t<\/div>\n\t\t\t\t<\/div>\n\t\t\t\t<div class=\"elementor-element elementor-element-2471908 elementor-widget elementor-widget-text-editor\" data-id=\"2471908\" data-element_type=\"widget\" data-widget_type=\"text-editor.default\">\n\t\t\t\t<div class=\"elementor-widget-container\">\n\t\t\t<style>\/*! elementor - v3.18.0 - 06-12-2023 *\/\n.elementor-widget-text-editor.elementor-drop-cap-view-stacked .elementor-drop-cap{background-color:#69727d;color:#fff}.elementor-widget-text-editor.elementor-drop-cap-view-framed .elementor-drop-cap{color:#69727d;border:3px solid;background-color:transparent}.elementor-widget-text-editor:not(.elementor-drop-cap-view-default) .elementor-drop-cap{margin-top:8px}.elementor-widget-text-editor:not(.elementor-drop-cap-view-default) .elementor-drop-cap-letter{width:1em;height:1em}.elementor-widget-text-editor .elementor-drop-cap{float:left;text-align:center;line-height:1;font-size:50px}.elementor-widget-text-editor .elementor-drop-cap-letter{display:inline-block}<\/style>\t\t\t\t<div class=\"flex flex-grow flex-col gap-3 max-w-full\"><div class=\"min-h-[20px] flex flex-col items-start gap-3 whitespace-pre-wrap break-words overflow-x-auto\"><div class=\"markdown prose w-full break-words dark:prose-invert dark\"><div class=\"flex flex-grow flex-col gap-3 max-w-full\"><div class=\"min-h-[20px] flex flex-col items-start gap-3 whitespace-pre-wrap break-words overflow-x-auto\"><div class=\"markdown prose w-full break-words dark:prose-invert dark\"><p>Spedi\u010dn\u00ed slu\u017eby jsou z\u00e1kladem na\u0161\u00ed logistick\u00e9 nab\u00eddky. S v\u00edce ne\u017e dvaceti lety zku\u0161enost\u00ed jsme se stali odborn\u00edky na spr\u00e1vu, organizaci a optimalizaci n\u00e1kladn\u00ed dopravy na\u0161ich klient\u016f. Na\u0161e spedi\u010dn\u00ed slu\u017eby jsou koncipov\u00e1ny tak, aby byly flexibiln\u00ed a pln\u011b p\u0159izp\u016fsobeny specifick\u00fdm pot\u0159eb\u00e1m ka\u017ed\u00e9ho z\u00e1kazn\u00edka.<\/p><p>S rozs\u00e1hlou s\u00edt\u00ed partner\u016f a modern\u00edm vozov\u00fdm parkem m\u00e1me schopnost zajistit spolehlivou a efektivn\u00ed p\u0159epravu zbo\u017e\u00ed kamkoliv po cel\u00e9 Evrop\u011b. Na\u0161i zku\u0161en\u00ed spedi\u010dn\u00ed specialist\u00e9 pracuj\u00ed s pe\u010dliv\u00fdm zam\u011b\u0159en\u00edm na detaily, aby zajistili hladk\u00fd pr\u016fb\u011bh logistick\u00fdch operac\u00ed od po\u010d\u00e1tku do konce.<\/p><p>Nez\u00e1le\u017e\u00ed na tom, zda m\u00e1te pot\u0159ebu p\u0159epravit mal\u00fd n\u00e1klad, velk\u00e9 mno\u017estv\u00ed zbo\u017e\u00ed nebo zvl\u00e1\u0161tn\u00ed n\u00e1klady, na\u0161e spedi\u010dn\u00ed slu\u017eby jsou zde, abychom v\u00e1m poskytli konkurenceschopn\u00e9 \u0159e\u0161en\u00ed. D\u00edky na\u0161emu v\u00e1\u0161niv\u00e9mu p\u0159\u00edstupu k logistice a nekompromisn\u00edmu z\u00e1vazku k zaji\u0161t\u011bn\u00ed bezpe\u010dnosti a spolehlivosti p\u0159epravy m\u016f\u017eete m\u00edt jistotu, \u017ee va\u0161e logistika je v dobr\u00fdch rukou. S EURO CTS z\u00edsk\u00e1v\u00e1te partnera, kter\u00fd v\u00e1m pom\u016f\u017ee dos\u00e1hnout optim\u00e1ln\u00edch v\u00fdsledk\u016f pro va\u0161e logistick\u00e9 pot\u0159eby.<\/p><\/div><\/div><\/div><\/div><\/div><\/div>\t\t\t\t\t\t<\/div>\n\t\t\t\t<\/div>\n\t\t\t\t\t<\/div>\n\t\t<\/div>\n\t\t\t\t\t\t\t<\/div>\n\t\t<\/section>\n\t\t\t\t\t\t\t<\/div>\n\t\t","protected":false},"excerpt":{"rendered":"<p>SPEDI\u010cN\u00cd SLU\u017dBY Dal\u0161\u00ed slu\u017eby SPEDI\u010cN\u00cd SLU\u017dBY POZEMN\u00cd P\u0158EPRAVA celn\u00ed odbaven\u00ed LOGISTIKA NA M\u00cdRU SPEDI\u010cN\u00cd SLU\u017dBY Spedi\u010dn\u00ed slu\u017eby jsou z\u00e1kladem na\u0161\u00ed logistick\u00e9 nab\u00eddky. S v\u00edce ne\u017e dvaceti lety zku\u0161enost\u00ed jsme se stali odborn\u00edky na spr\u00e1vu, organizaci a optimalizaci n\u00e1kladn\u00ed dopravy na\u0161ich klient\u016f. Na\u0161e spedi\u010dn\u00ed slu\u017eby jsou koncipov\u00e1ny tak, aby byly flexibiln\u00ed a pln\u011b p\u0159izp\u016fsobeny specifick\u00fdm pot\u0159eb\u00e1m &hellip;<\/p>\n<p class=\"read-more\"> <a class=\"\" href=\"https:\/\/www.eurocts.cz\/cs\/services\/freight-services\/\"> <span class=\"screen-reader-text\">Freight services<\/span> Pokra\u010dovat ve \u010dten\u00ed &raquo;<\/a><\/p>\n","protected":false},"author":1,"featured_media":0,"parent":542,"menu_order":0,"comment_status":"closed","ping_status":"closed","template":"","meta":{"site-sidebar-layout":"no-sidebar","site-content-layout":"page-builder","ast-global-header-display":"","ast-main-header-display":"","ast-hfb-above-header-display":"","ast-hfb-below-header-display":"","ast-hfb-mobile-header-display":"","site-post-title":"disabled","ast-breadcrumbs-content":"","ast-featured-img":"disabled","footer-sml-layout":"","theme-transparent-header-meta":"enabled","adv-header-id-meta":"","stick-header-meta":"","header-above-stick-meta":"","header-main-stick-meta":"","header-below-stick-meta":"","footnotes":""},"class_list":["post-1394","page","type-page","status-publish","hentry"],"_links":{"self":[{"href":"https:\/\/www.eurocts.cz\/cs\/wp-json\/wp\/v2\/pages\/1394","targetHints":{"allow":["GET"]}}],"collection":[{"href":"https:\/\/www.eurocts.cz\/cs\/wp-json\/wp\/v2\/pages"}],"about":[{"href":"https:\/\/www.eurocts.cz\/cs\/wp-json\/wp\/v2\/types\/page"}],"author":[{"embeddable":true,"href":"https:\/\/www.eurocts.cz\/cs\/wp-json\/wp\/v2\/users\/1"}],"replies":[{"embeddable":true,"href":"https:\/\/www.eurocts.cz\/cs\/wp-json\/wp\/v2\/comments?post=1394"}],"version-history":[{"count":14,"href":"https:\/\/www.eurocts.cz\/cs\/wp-json\/wp\/v2\/pages\/1394\/revisions"}],"predecessor-version":[{"id":1462,"href":"https:\/\/www.eurocts.cz\/cs\/wp-json\/wp\/v2\/pages\/1394\/revisions\/1462"}],"up":[{"embeddable":true,"href":"https:\/\/www.eurocts.cz\/cs\/wp-json\/wp\/v2\/pages\/542"}],"wp:attachment":[{"href":"https:\/\/www.eurocts.cz\/cs\/wp-json\/wp\/v2\/media?parent=1394"}],"curies":[{"name":"wp","href":"https:\/\/api.w.org\/{rel}","templated":true}]}}